{"id":30,"date":"2018-07-15T18:34:15","date_gmt":"2018-07-15T18:34:15","guid":{"rendered":"https:\/\/lenaszuckerstube.wordpress.com\/?page_id=30"},"modified":"2018-07-15T18:34:15","modified_gmt":"2018-07-15T18:34:15","slug":"rezepte","status":"publish","type":"page","link":"https:\/\/lenaszuckerstube.com\/index.php\/rezepte\/","title":{"rendered":"Rezepte"},"content":{"rendered":"\n<p>Meine Rezepte habe ich f\u00fcr Euch in drei Kategorien aufgeteilt: <\/p>\n\n\n\n<p class=\"has-text-color has-dark-blue-color\">Cup Cakes, Kuchen und Geb\u00e4ck<\/p>\n\n\n\n<p>Alle Rezepte sind unabh\u00e4ngig von einander beschrieben, sodass auch gern immer wieder neu beschreibe, was zu beachten ist. <\/p>\n\n\n\n<p>Wenn ihr meine Rezepte ausprobiert, freue ich mich im Anschluss \u00fcber Feedback. Vielleicht merkt ihr, wo die Rezepte un- oder missverst\u00e4ndlich sind und gebt mir einen Hinweis f\u00fcr Verbesserungen.<\/p>\n\n\n\n<p>Viel Spa\u00df beim Ausprobieren, Lena.<\/p>\n\n\n\n<p><\/p>\n\n\n\n<p>Wenn ihr bestimmte Rezepte sucht, probiert man meine Suche aus. Habe ich ein Rezept zu deiner Suche, wirst du direkt auf die Seite geleitet:<\/p>\n\n\n<form role=\"search\" method=\"get\" action=\"https:\/\/lenaszuckerstube.com\/\" class=\"wp-block-search__button-outside wp-block-search__text-button wp-block-search\"    ><label class=\"wp-block-search__label\" for=\"wp-block-search__input-1\" >Suchen<\/label><div class=\"wp-block-search__inside-wrapper\" ><input class=\"wp-block-search__input\" id=\"wp-block-search__input-1\" placeholder=\"\" value=\"\" type=\"search\" name=\"s\" required \/><button aria-label=\"Suchen\" class=\"wp-block-search__button wp-element-button\" type=\"submit\" >Suchen<\/button><\/div><\/form>\n\n\n<p><\/p>\n","protected":false},"excerpt":{"rendered":"<p>Meine Rezepte habe ich f\u00fcr Euch in drei Kategorien aufgeteilt: Cup Cakes, Kuchen und Geb\u00e4ck Alle Rezepte sind unabh\u00e4ngig von einander beschrieben, sodass auch gern immer wieder neu beschreibe, was zu beachten ist. Wenn ihr meine Rezepte ausprobiert, freue ich mich im Anschluss \u00fcber Feedback. Vielleicht merkt ihr, wo die Rezepte un- oder missverst\u00e4ndlich sind&hellip; <a class=\"continue\" href=\"https:\/\/lenaszuckerstube.com\/index.php\/rezepte\/\">Continue Reading Rezepte<\/a><\/p>\n","protected":false},"author":1,"featured_media":305,"parent":0,"menu_order":0,"comment_status":"closed","ping_status":"closed","template":"","meta":{"footnotes":""},"class_list":["post-30","page","type-page","status-publish","has-post-thumbnail","hentry"],"_links":{"self":[{"href":"https:\/\/lenaszuckerstube.com\/index.php\/wp-json\/wp\/v2\/pages\/30","targetHints":{"allow":["GET"]}}],"collection":[{"href":"https:\/\/lenaszuckerstube.com\/index.php\/wp-json\/wp\/v2\/pages"}],"about":[{"href":"https:\/\/lenaszuckerstube.com\/index.php\/wp-json\/wp\/v2\/types\/page"}],"author":[{"embeddable":true,"href":"https:\/\/lenaszuckerstube.com\/index.php\/wp-json\/wp\/v2\/users\/1"}],"replies":[{"embeddable":true,"href":"https:\/\/lenaszuckerstube.com\/index.php\/wp-json\/wp\/v2\/comments?post=30"}],"version-history":[{"count":0,"href":"https:\/\/lenaszuckerstube.com\/index.php\/wp-json\/wp\/v2\/pages\/30\/revisions"}],"wp:featuredmedia":[{"embeddable":true,"href":"https:\/\/lenaszuckerstube.com\/index.php\/wp-json\/"}],"wp:attachment":[{"href":"https:\/\/lenaszuckerstube.com\/index.php\/wp-json\/wp\/v2\/media?parent=30"}],"curies":[{"name":"wp","href":"https:\/\/api.w.org\/{rel}","templated":true}]}}