{"id":1319,"date":"2023-06-05T07:24:35","date_gmt":"2023-06-05T07:24:35","guid":{"rendered":"https:\/\/lenaszuckerstube.com\/?page_id=1319"},"modified":"2023-06-05T07:24:35","modified_gmt":"2023-06-05T07:24:35","slug":"torten","status":"publish","type":"page","link":"https:\/\/lenaszuckerstube.com\/index.php\/rezepte\/torten\/","title":{"rendered":"Torten"},"content":{"rendered":"\n<p>Hier entsteht aktuell ein neuer Bereich. Lange Zeit habe ich wenig Torten gebacken, da ich zu denjenigen geh\u00f6rte, die immer dachte, dass Torten zu m\u00e4chtig und zu aufwendig seien. In letzter Zeit habe ich allerdings begonnen kleine Formen zu nutzen und verschiedene Tortenf\u00fcllungen auszuprobieren. Dabei habe ich Freude gefunden und meine Vorurteile \u00fcber den Haufen geworfen. Probiert doch mal eine Torte mit einer 20iger Springform aus und schaut, wie schnell und einfach kleine Tortentr\u00e4ume gelingen. <\/p>\n\n\n\n<hr class=\"wp-block-separator has-alpha-channel-opacity\" \/>\n\n\n\n<h2 class=\"wp-block-heading\">Biskuit-Rolle<\/h2>\n\n\n\n<div class=\"wp-block-group\"><div class=\"wp-block-group__inner-container is-layout-constrained wp-block-group-is-layout-constrained\">\n<div class=\"wp-block-jetpack-tiled-gallery aligncenter is-style-rectangular\"><div class=\"tiled-gallery__gallery\"><div class=\"tiled-gallery__row\"><div class=\"tiled-gallery__col\" style=\"flex-basis:63.96202%\"><figure class=\"tiled-gallery__item\"><img decoding=\"async\" alt=\"\" data-height=\"1512\" data-id=\"1433\" data-link=\"https:\/\/lenaszuckerstube.com\/erdbeeren10\/\" data-url=\"https:\/\/lenaszuckerstube.files.wordpress.com\/2023\/06\/erdbeeren10.jpg?w=1024\" data-width=\"2016\" src=\"https:\/\/lenaszuckerstube.files.wordpress.com\/2023\/06\/erdbeeren10.jpg\" \/><\/figure><\/div><div class=\"tiled-gallery__col\" style=\"flex-basis:36.03798%\"><figure class=\"tiled-gallery__item\"><img decoding=\"async\" alt=\"\" data-height=\"2016\" data-id=\"1432\" data-link=\"https:\/\/lenaszuckerstube.com\/erdbeeren9\/\" data-url=\"https:\/\/lenaszuckerstube.files.wordpress.com\/2023\/06\/erdbeeren9.jpg?w=768\" data-width=\"1512\" src=\"https:\/\/lenaszuckerstube.files.wordpress.com\/2023\/06\/erdbeeren9.jpg\" \/><\/figure><\/div><\/div><\/div><\/div>\n<\/div><\/div>\n\n\n\n<p>Eine Biskuitrolle kennt ihr nur noch von Omas Kaffeetafel oder aus den K\u00fchlregeln eures Supermarktes? Dies Art der Torte macht eine Menge her und ist viel leichter selbst zu machen, als du vielleicht denkst. Das heutige Rezept bedarf ein wenig \u00dcbung, ist aber nach ein, zwei Versuchen souver\u00e4n anzuwenden.<\/p>\n\n\n\n<p>Zutaten:<\/p>\n\n\n\n<p>F\u00fcr den Biskuit:<\/p>\n\n\n\n<ul class=\"wp-block-list\">\n<li>75 gr. Mehl<\/li>\n\n\n\n<li>1 TL Backpulver<\/li>\n\n\n\n<li>75 gr. Speisest\u00e4rke<\/li>\n\n\n\n<li>110 gr. Zucker<\/li>\n\n\n\n<li>4 Eier<\/li>\n<\/ul>\n\n\n\n<p><\/p>\n\n\n\n<p>F\u00fcr die F\u00fcllung: <\/p>\n\n\n\n<ul class=\"wp-block-list\">\n<li>400 gr. Erdbeeren<\/li>\n\n\n\n<li>400 gr Sahne<\/li>\n\n\n\n<li>1 Pack. Sahnesteif<\/li>\n\n\n\n<li>1 P\u00e4ckchen Vanillezucker<\/li>\n\n\n\n<li>20 gr. Zucker<\/li>\n<\/ul>\n\n\n\n<p>Zubereitung: <\/p>\n\n\n\n<p>F\u00fcr die Zubereitung des Biskuits wiegt man alle Zutaten zun\u00e4chst ab und holt die Eier aus dem K\u00fchlschrank damit diese nicht kalt aufgeschlagen werden.<\/p>\n\n\n\n<p>Der Ofen wird auf 180 Grad Ober-\/ Unterhitze vorgeheizt. Ein Backblech wird in der Vorbereitung mit einem Backpapier ausgelegt und bereitgestellt.<\/p>\n\n\n\n<p>Als erster werden die Eier zusammen mit dem Zucker schaumig aufgeschlagen. Dieser Vorgang dauert circa zwei bis drei Minuten und ist dann finalisiert, wenn eine schaumige, helle Masse entstanden ist.\u00a0<\/p>\n\n\n<div class=\"wp-block-image\">\n<figure class=\"alignleft size-large is-resized\"><img loading=\"lazy\" decoding=\"async\" src=\"https:\/\/lenaszuckerstube.files.wordpress.com\/2023\/06\/erdbeeren3.jpg?w=750\" alt=\"\" class=\"wp-image-1426\" width=\"384\" height=\"512\" \/><\/figure>\n<\/div>\n\n\n<p> Die trockenen Zutaten aus Mehl, Speisest\u00e4rke und Backpulver gebt ihr nun in die Ei-Masse und verr\u00fchrt alles nur noch kurz zu einem verbundenen Teig. Den Teig gebt ihr nun fix auf das Backblech, um die Masse circa 15 Minuten zu backen. W\u00e4hrend der Backzeit wird nun auf einer Arbeitsfl\u00e4che ein Abtrockentuch ausgelegt und leicht mit Zucker bestreut. Nach Ablauf der Backzeit nehmt ihr den gebackenen Biskuit aus dem Ofen und st\u00fcrzt den Boden auf das vorbereitete Tuch. Sobald der Boden auf dem Tuch liegt, rollt ihr diesen von einer kurzen Seite her auf. Die dabei entstandene Rolle lasst ihr so lange liegen, bis der Boden vollst\u00e4ndig ausgek\u00fchlt ist.<\/p>\n\n\n\n<p><\/p>\n\n\n\n<div class=\"wp-block-group alignwide\"><div class=\"wp-block-group__inner-container is-layout-constrained wp-block-group-is-layout-constrained\">\n<figure class=\"wp-block-gallery aligncenter has-nested-images columns-default is-cropped wp-block-gallery-1 is-layout-flex wp-block-gallery-is-layout-flex\">\n<figure class=\"wp-block-image size-large\"><img decoding=\"async\" data-id=\"1428\" src=\"https:\/\/lenaszuckerstube.files.wordpress.com\/2023\/06\/erdbeeren5.jpg?w=1024\" alt=\"\" class=\"wp-image-1428\" \/><\/figure>\n\n\n\n<figure class=\"wp-block-image size-large\"><img decoding=\"async\" data-id=\"1427\" src=\"https:\/\/lenaszuckerstube.files.wordpress.com\/2023\/06\/erdbeeren4.jpg?w=783\" alt=\"\" class=\"wp-image-1427\" \/><\/figure>\n\n\n\n<figure class=\"wp-block-image size-large\"><img decoding=\"async\" data-id=\"1429\" src=\"https:\/\/lenaszuckerstube.files.wordpress.com\/2023\/06\/erdbeeren6.jpg?w=768\" alt=\"\" class=\"wp-image-1429\" \/><\/figure>\n\n\n\n<figure class=\"wp-block-image size-large\"><img decoding=\"async\" data-id=\"1430\" src=\"https:\/\/lenaszuckerstube.files.wordpress.com\/2023\/06\/erdbeeren7.jpg?w=768\" alt=\"\" class=\"wp-image-1430\" \/><\/figure>\n\n\n\n<figure class=\"wp-block-image size-large\"><img decoding=\"async\" data-id=\"1431\" src=\"https:\/\/lenaszuckerstube.files.wordpress.com\/2023\/06\/erdbeeren8.jpg?w=768\" alt=\"\" class=\"wp-image-1431\" \/><\/figure>\n<\/figure>\n<\/div><\/div>\n\n\n\n<p>W\u00e4hren der K\u00fchlzeit wird die Masse zur F\u00fcllung hergestellt. Daf\u00fcr zun\u00e4chst die Erdbeeren waschen und in kleine W\u00fcrfel schneiden. Drei bis vier Erdbeeren k\u00f6nnen dabei zur Seite gelegt werden, damit diese sp\u00e4ter zur Dekoration verwendet werden k\u00f6nnen.<\/p>\n\n\n\n<figure class=\"wp-block-gallery has-nested-images columns-default is-cropped wp-block-gallery-2 is-layout-flex wp-block-gallery-is-layout-flex\">\n<figure class=\"wp-block-image size-large\"><img decoding=\"async\" data-id=\"1424\" src=\"https:\/\/lenaszuckerstube.files.wordpress.com\/2023\/06\/erdbeeren1.jpg?w=1024\" alt=\"\" class=\"wp-image-1424\" \/><\/figure>\n\n\n\n<figure class=\"wp-block-image size-large\"><img decoding=\"async\" data-id=\"1425\" src=\"https:\/\/lenaszuckerstube.files.wordpress.com\/2023\/06\/erdbeeren2.jpg?w=1024\" alt=\"\" class=\"wp-image-1425\" \/><\/figure>\n<\/figure>\n\n\n\n<p>Als n\u00e4chstes wird die Sahne zusammen mit dem Zucker und dem Sahnesteif steif geschlagen. Von der nun vorbereiteten Sahne nehmt ihr circa 100 gr. ab, um damit sp\u00e4ter die Biskuitrolle einzudecken. In die restliche Sahne werden nun nur noch kurz die vorbereiteten Erdbeeren untergehoben. Damit ist die F\u00fcllung fertig, um diese in die Rolle zu f\u00fcllen.<\/p>\n\n\n\n<p>Die abgek\u00fchlte Rolle wird vorsichtig auseinandergerollt. Achtet darauf die Rolle nicht ganz zu \u00f6ffnen, sondern das nur so weit zu tun, dass ihr die F\u00fcllung gut verteilen k\u00f6nnt. Im Anschluss rollt ihr die Biskuitrolle wieder auf und platziert die Rolle auf einen passenden Teller. Abschlie\u00dfend wird die fertige Rolle nun nur noch mit der restlichen Sahne eingedeckt und nach Geschmack mit Erdbeeren dekoriert.<\/p>\n\n\n\n<div class=\"wp-block-jetpack-tiled-gallery aligncenter is-style-rectangular\"><div class=\"tiled-gallery__gallery\"><div class=\"tiled-gallery__row\"><div class=\"tiled-gallery__col\" style=\"flex-basis:50.00000%\"><figure class=\"tiled-gallery__item\"><img decoding=\"async\" alt=\"\" data-height=\"2016\" data-id=\"1432\" data-link=\"https:\/\/lenaszuckerstube.com\/erdbeeren9\/\" data-url=\"https:\/\/lenaszuckerstube.files.wordpress.com\/2023\/06\/erdbeeren9.jpg?w=768\" data-width=\"1512\" src=\"https:\/\/lenaszuckerstube.files.wordpress.com\/2023\/06\/erdbeeren9.jpg\" \/><\/figure><\/div><div class=\"tiled-gallery__col\" style=\"flex-basis:50.00000%\"><figure class=\"tiled-gallery__item\"><img decoding=\"async\" alt=\"\" data-height=\"2016\" data-id=\"1434\" data-link=\"https:\/\/lenaszuckerstube.com\/erdbeeren11\/\" data-url=\"https:\/\/lenaszuckerstube.files.wordpress.com\/2023\/06\/erdbeeren11.jpg?w=768\" data-width=\"1512\" src=\"https:\/\/lenaszuckerstube.files.wordpress.com\/2023\/06\/erdbeeren11.jpg\" \/><\/figure><\/div><\/div><\/div><\/div>\n\n\n\n<p>Vor dem Verzehr sollte die Rolle nun noch zwei bis drei Stunden im K\u00fchlschrank gut durchk\u00fchlen.<\/p>\n\n\n\n<hr class=\"wp-block-separator has-alpha-channel-opacity\" \/>\n\n\n\n<h2 class=\"wp-block-heading\">Mai Torte<\/h2>\n\n\n<div class=\"wp-block-image\">\n<figure class=\"aligncenter size-large is-resized\"><img loading=\"lazy\" decoding=\"async\" src=\"https:\/\/lenaszuckerstube.files.wordpress.com\/2023\/06\/mai.jpg?w=768\" alt=\"\" class=\"wp-image-1332\" width=\"576\" height=\"768\" \/><figcaption class=\"wp-element-caption\">Mai Torte<\/figcaption><\/figure>\n<\/div>\n\n\n<p>Waldmeister und Erdbeeren sind nicht nur in Bowlen als Getr\u00e4nk eine gute Kombination. Diese Torte ist leicht, sommerlich und kinderleicht zu machen. <\/p>\n\n\n\n<p>Zutaten f\u00fcr eine 20iger Springform:<\/p>\n\n\n\n<p>F\u00fcr den Boden: <\/p>\n\n\n\n<ul class=\"wp-block-list\">\n<li>70 gr. weiche Butter oder Margarine<\/li>\n\n\n\n<li>2 Eier <\/li>\n\n\n\n<li>75 gr. Zucker<\/li>\n\n\n\n<li>75 gr. Mehl <\/li>\n\n\n\n<li>1 TL Backpulver<\/li>\n<\/ul>\n\n\n\n<p>F\u00fcr die F\u00fcllung: <\/p>\n\n\n\n<ul class=\"wp-block-list\">\n<li>300 gr. Erdbeeren <\/li>\n\n\n\n<li>5 Blatt Gelantine <\/li>\n\n\n\n<li>250 gr. Joghurt <\/li>\n\n\n\n<li>100 ml Waldmeister Sirup <\/li>\n\n\n\n<li>1 Packung Vanillezucker <\/li>\n\n\n\n<li>300 gr. Sahne <\/li>\n<\/ul>\n\n\n\n<p>Zubereitung: <\/p>\n\n\n\n<p>Startet wie immer am Besten damit den Ofen auf 180 Grad Ober-\/Unterhitze vorzuheizen. Zudem bereitet ihr eure 20iger Springform vor, in dem ihr den Boden mit Backpapier auslegt. Messt im Anschluss alle Zutaten f\u00fcr den Tortenboden ab und achtet darauf, dass die einzelnen Komponenten m\u00f6glichst die gleiche Raumtemperatur haben. Das bedeutet, dass ihr die Eier und die Butter\/Margarine einfach vor der Verwendung eine Zeit au\u00dferhalb des K\u00fchlschranks lagert.  <\/p>\n\n\n\n<p>F\u00fcr den Teig r\u00fchrt ihr die abgemessene Menge Zucker und Butter\/Margarine so lange miteinander, bis es eine verbundene Masse ergibt. F\u00fcgt danach die Eier einzeln\/nacheinander hinzu und r\u00fchrt jedes Ei circa eine Minute in die Masse ein. Am Schluss gebt ihr die Mischung aus Mehl und Backpulver dazu und verr\u00fchrt alle Zutaten abschlie\u00dfend noch mal eine Minute. <\/p>\n\n\n\n<p>Den Teigt gebt ihr nun in die vorbereitete Springform und streicht die Masse einmal glatt. Nun kommt die Form f\u00fcr 25 Minuten in den vorgeheizten Backofen. W\u00e4hrend der Boden im Ofen ist, k\u00f6nnt ihr die Erdbeeren waschen und in d\u00fcnne Spalten schneiden. <\/p>\n\n\n\n<p>Nach der Backzeit lasst ihr den Boden ausk\u00fchlen. L\u00f6st nach der Abk\u00fchlphase die Springform, setzt den Boden auf eine Tortenplatte und legt einen Tortenring herum. Die Erdbeeren werde nun flach auf den Boden gelegt. Dabei ist darauf zu achten, dass circa 0,5 cm Platz bis zum Rand frei bleiben. <\/p>\n\n\n\n<p>F\u00fcr die Herstellung der Waldmeister-F\u00fcllung weicht ihr die Gelatine Bl\u00e4tter nun gem\u00e4\u00df Packungsanleitung circa 10 Minuten in kaltem Wasser ein. W\u00e4hrend dessen verr\u00fchrt ihr den abgewogenen Joghurt mit dem Vanillezucker und dem Sirup. Anschlie\u00dfend schlagt ihr die Sahne steif und stellt sie im K\u00fchlschrank bereit. <\/p>\n\n\n\n<p>Die eingeweichte Gelatine dr\u00fcckt ihr nach der abgelaufenen Zeit gut aus, damit sie das aufgenommene Wasser wieder verliert. In einem Wasserbad in einem Topf schmelzt ihr die Gelatine nun im Anschluss in einer kleiner Sch\u00fcssel, bis sie vollst\u00e4ndig fl\u00fcssig ist. <\/p>\n\n\n\n<p>Nehmt die Gelantine nun aus dem Wasserbad und gleicht die Massen an. Daf\u00fcr werden zwei L\u00f6ffel der Joghurtmasse in die kleine Schale mit Gelatine verr\u00fchrt, bevor dann die Gelatine-Joghurt Fl\u00fcssigkeit in die restliche Joghurtmasse gegeben wird. Alles nun gut verr\u00fchren und anschlie\u00dfend die Sahne kurz unterheben. <\/p>\n\n\n\n<p>Hebt circa 3 Essl\u00f6ffel Sahne auf, um abschlie\u00dfend eure Torte dekorieren zu k\u00f6nnen. <\/p>\n\n\n\n<p>Die vorbereitete Joghurt-Waldmeister Masse streicht ihr auf den Boden mit Erdbeeren. Daf\u00fcr setzt ihr um den Tortenboden entweder einen Tortenring oder den zuvor benutzten Ring der Springform. Stellt die fertige Torte nun f\u00fcr mindestens f\u00fcnf Stunden im K\u00fchlschrank kalt, damit die Gelatine die Masse gelieren kann. Nach der K\u00fchlzeit dekoriert ihr die Torte nach belieben &#8211; zum Beispiel mit der restlichen Sahne. <\/p>\n\n\n\n<hr class=\"wp-block-separator has-alpha-channel-opacity\" \/>\n","protected":false},"excerpt":{"rendered":"<p>Hier entsteht aktuell ein neuer Bereich. Lange Zeit habe ich wenig Torten gebacken, da ich zu denjenigen geh\u00f6rte, die immer dachte, dass Torten zu m\u00e4chtig und zu aufwendig seien. In letzter Zeit habe ich allerdings begonnen kleine Formen zu nutzen und verschiedene Tortenf\u00fcllungen auszuprobieren. Dabei habe ich Freude gefunden und meine Vorurteile \u00fcber den Haufen&hellip; <a class=\"continue\" href=\"https:\/\/lenaszuckerstube.com\/index.php\/rezepte\/torten\/\">Continue Reading Torten<\/a><\/p>\n","protected":false},"author":1,"featured_media":1367,"parent":30,"menu_order":1,"comment_status":"closed","ping_status":"closed","template":"","meta":{"footnotes":""},"class_list":["post-1319","page","type-page","status-publish","has-post-thumbnail","hentry"],"_links":{"self":[{"href":"https:\/\/lenaszuckerstube.com\/index.php\/wp-json\/wp\/v2\/pages\/1319","targetHints":{"allow":["GET"]}}],"collection":[{"href":"https:\/\/lenaszuckerstube.com\/index.php\/wp-json\/wp\/v2\/pages"}],"about":[{"href":"https:\/\/lenaszuckerstube.com\/index.php\/wp-json\/wp\/v2\/types\/page"}],"author":[{"embeddable":true,"href":"https:\/\/lenaszuckerstube.com\/index.php\/wp-json\/wp\/v2\/users\/1"}],"replies":[{"embeddable":true,"href":"https:\/\/lenaszuckerstube.com\/index.php\/wp-json\/wp\/v2\/comments?post=1319"}],"version-history":[{"count":1,"href":"https:\/\/lenaszuckerstube.com\/index.php\/wp-json\/wp\/v2\/pages\/1319\/revisions"}],"predecessor-version":[{"id":1605,"href":"https:\/\/lenaszuckerstube.com\/index.php\/wp-json\/wp\/v2\/pages\/1319\/revisions\/1605"}],"up":[{"embeddable":true,"href":"https:\/\/lenaszuckerstube.com\/index.php\/wp-json\/wp\/v2\/pages\/30"}],"wp:featuredmedia":[{"embeddable":true,"href":"https:\/\/lenaszuckerstube.com\/index.php\/wp-json\/"}],"wp:attachment":[{"href":"https:\/\/lenaszuckerstube.com\/index.php\/wp-json\/wp\/v2\/media?parent=1319"}],"curies":[{"name":"wp","href":"https:\/\/api.w.org\/{rel}","templated":true}]}}